{"id":506,"date":"2019-04-03T10:15:38","date_gmt":"2019-04-03T10:15:38","guid":{"rendered":"https:\/\/www.poliambulatorioaeffe.it\/?page_id=506"},"modified":"2025-08-28T12:58:03","modified_gmt":"2025-08-28T12:58:03","slug":"ortopedia-pediatrica","status":"publish","type":"page","link":"https:\/\/www.poliambulatorioaeffe.it\/?page_id=506","title":{"rendered":"ORTOPEDIA PEDIATRICA"},"content":{"rendered":"\n<p>L&#8217; ortopedia pediatrica fornisce un trattamento specialistico dei bambini dalla nascita all&#8217;adolescenza.<\/p>\n\n\n\n<p>L&#8217; attivit\u00e0 specialistica garantisce un approccio dedicato per:<br>&#8211; diagnosi e cura delle malattie dell&#8217; apparato locomotore in et\u00e0 evolutiva<br>&#8211; diagnosi e cura della traumatologia in et\u00e0 evolutiva.<\/p>\n\n\n\n<p>L&#8217; attivit\u00e0 si svolge principalmente trattando i seguenti gruppi di patologie:<br>&#8211; malformazioni ortopediche<br>&#8211; patologie dell&#8217; anca: displasia e lussazione congenita, epifisiolisi, ecc.<br>&#8211; patologia: piede torto, metatarso varo, piede piatto ed alluce valgo dell&#8217; infanzia<br>&#8211; patologia vertebrale: scoliosi, cifosi<br>&#8211; correzione della malformazioni congenite ed acquisite degli arti<br>&#8211; allungamento chirurgico degli arti nelle dismetrie<br>&#8211; infezioni osteoarticolari (osteoartriti, osteomieliti ecc.)<br>&#8211; paramorfismi: ginocchio varo\/valgo, dorso curvo, atteggiamento scoliotico ecc.<br>&#8211; traumatologia sportiva<br>&#8211; ecografia dell&#8217;apparato muscolo-scheletrico nell&#8217;et\u00e0 evolutiva (monitoraggio ecografico displasia\u00a0dell&#8217;anca)<\/p>\n\n\n\n<p><\/p>\n\n\n\n<div class=\"wp-block-buttons is-layout-flex wp-block-buttons-is-layout-flex\">\n<div class=\"wp-block-button has-custom-width wp-block-button__width-100 has-custom-font-size has-medium-font-size\"><a class=\"wp-block-button__link has-neve-link-color-background-color has-background wp-element-button\" href=\"https:\/\/www.poliambulatorioaeffe.it\/?page_id=512\"><strong>ORTOPEDICO PEDIATRICO<\/strong><\/a><\/div>\n<\/div>\n\n\n\n<p><\/p>\n","protected":false},"excerpt":{"rendered":"<p>L&#8217; ortopedia pediatrica fornisce un trattamento specialistico dei bambini dalla nascita all&#8217;adolescenza. L&#8217; attivit\u00e0 specialistica garantisce un approccio dedicato per:&#8211; diagnosi e cura delle malattie dell&#8217; apparato locomotore in et\u00e0 evolutiva&#8211; diagnosi e cura della traumatologia in et\u00e0 evolutiva. L&#8217; attivit\u00e0 si svolge principalmente trattando i seguenti gruppi di patologie:&#8211; malformazioni ortopediche&#8211; patologie dell&#8217; anca:&hellip;&nbsp;<a href=\"https:\/\/www.poliambulatorioaeffe.it\/?page_id=506\" rel=\"bookmark\">Leggi tutto &raquo;<span class=\"screen-reader-text\">ORTOPEDIA PEDIATRICA<\/span><\/a><\/p>\n","protected":false},"author":1,"featured_media":0,"parent":0,"menu_order":0,"comment_status":"closed","ping_status":"closed","template":"","meta":{"neve_meta_sidebar":"","neve_meta_container":"","neve_meta_enable_content_width":"","neve_meta_content_width":70,"neve_meta_title_alignment":"","neve_meta_author_avatar":"","neve_post_elements_order":"","neve_meta_disable_header":"","neve_meta_disable_footer":"","neve_meta_disable_title":"","footnotes":""},"class_list":["post-506","page","type-page","status-publish","hentry"],"_links":{"self":[{"href":"https:\/\/www.poliambulatorioaeffe.it\/index.php?rest_route=\/wp\/v2\/pages\/506","targetHints":{"allow":["GET"]}}],"collection":[{"href":"https:\/\/www.poliambulatorioaeffe.it\/index.php?rest_route=\/wp\/v2\/pages"}],"about":[{"href":"https:\/\/www.poliambulatorioaeffe.it\/index.php?rest_route=\/wp\/v2\/types\/page"}],"author":[{"embeddable":true,"href":"https:\/\/www.poliambulatorioaeffe.it\/index.php?rest_route=\/wp\/v2\/users\/1"}],"replies":[{"embeddable":true,"href":"https:\/\/www.poliambulatorioaeffe.it\/index.php?rest_route=%2Fwp%2Fv2%2Fcomments&post=506"}],"version-history":[{"count":5,"href":"https:\/\/www.poliambulatorioaeffe.it\/index.php?rest_route=\/wp\/v2\/pages\/506\/revisions"}],"predecessor-version":[{"id":1000,"href":"https:\/\/www.poliambulatorioaeffe.it\/index.php?rest_route=\/wp\/v2\/pages\/506\/revisions\/1000"}],"wp:attachment":[{"href":"https:\/\/www.poliambulatorioaeffe.it\/index.php?rest_route=%2Fwp%2Fv2%2Fmedia&parent=506"}],"curies":[{"name":"wp","href":"https:\/\/api.w.org\/{rel}","templated":true}]}}