{"id":452,"date":"2018-09-17T01:12:14","date_gmt":"2018-09-17T01:12:14","guid":{"rendered":"http:\/\/www.poliambulatorioaeffe.it\/?page_id=452"},"modified":"2022-12-20T16:25:32","modified_gmt":"2022-12-20T16:25:32","slug":"452-2","status":"publish","type":"page","link":"https:\/\/www.poliambulatorioaeffe.it\/?page_id=452","title":{"rendered":"Cookie Policy"},"content":{"rendered":"<p>Questo sito web utilizza cookie per migliorare e ottimizzare l\u2019esperienza di navigazione. La presente Cookie Policy si applica esclusivamente al sito web di Poliambulatorio Aeffe s.r.l. con indirizzo URL https:\/\/www.poliambulatorioaeffe.it (di seguito, \u201cSito\u201d) ed \u00e8 resa quale informativa ai sensi degli artt. 13 e 14 del Regolamento UE 2016\/679 (di seguito, \u201cGDPR\u201d), nonch\u00e9 del Provvedimento in materia di cookie n. 229 dell\u20198 maggio 2014 (anche \u201cInformativa\u201d) a favore di tutti i visitatori e gli utenti del Sito (di seguito, \u201cUtente\u201d o \u201cInteressato\u201d).<\/p>\n<p>L\u2019Utente, navigando sul Sito e\/o usufruendo dei servizi messi a disposizione attraverso di esso, da qualunque dispositivo informatico, quale pc, tablet o smatphone (di seguito \u201cDispositivo), consente l\u2019installazione di cookie nel browser che archiviano informazioni relative alla navigazione e all\u2019utilizzo del Sito. Con riferimento a cosa sono i cookie, quali, da parte di Poliambulatorio Aeffe s.r.l. (di seguito anche \u201cTitolare\u201d) intende informare l\u2019Interessato di quanto segue.<\/p>\n<p>1. Cosa sono i cookie<br \/>\nI cookie sono stringhe di testo e numeri di piccole dimensioni che vengono scaricati e registrati nella memoria del browser quando l\u2019utente visita un sito web o utilizza un social network attraverso un pc, uno smartphone o un tablet. I cookie memorizzati nel browser vengono ritrasmessi agli stessi siti alla successiva visita del medesimo Utente.<\/p>\n<p>Nel corso della navigazione su un sito, l&#8217;utente pu\u00f2 ricevere nel suo browser anche cookie che vengono inviati da siti o da web server diversi (c.d. &#8220;terze parti&#8221;), in quanto il sito che l\u2019utente sta visitando utilizza cookie installati da altri (ad esempio il sito web che si sta visitando utilizza elementi quali immagini, mappe, suoni, specifici link che fanno capo a pagine aventi dominio diverso) .<\/p>\n<p>2. Tipologie di cookie<br \/>\nEsistono diverse tipologie di cookie con caratteristiche diverse a seconda della finalit\u00e0 e del soggetto che li installa.<\/p>\n<p>2.1 Soggetto differente rispetto al gestore del sito<br \/>\nSotto il profilo soggettivo, occorre fare una prima distinzione tra i soggetti che installano i cookie nel browser dell\u2019utente.<\/p>\n<p>Nel caso in cui il soggetto che installa il cookie sul browser dell\u2019utente sia lo stesso gestore del sito che l&#8217;utente sta visitando, si parla di \u201ccookie di prima parte\u201d.<\/p>\n<p>Nel caso invece in cui il cookie sia installato da un sito diverso, ma per il tramite del sito web che si sta visitando, si parla di \u201ccookie di terza parte\u201d.<\/p>\n<p>In caso di cookie di terze parti, il sito che si sta visitando non ha un controllo diretto dei singoli cookie e non pu\u00f2 controllarli (non pu\u00f2 n\u00e9 installarli direttamente n\u00e9 cancellarli). L\u2019utente \u00e8 pertanto invitato a verificare sul sito della terza parte l\u2019informativa specifica in materia di cookie e a gestire questi cookie attraverso le impostazioni del browser o altri strumenti online che lo consentono (sul punto si veda il successivo paragrafo \u201cGestione dei cookie\u201d).<\/p>\n<p>2.2 Finalit\u00e0 dei cookie<br \/>\nI cookie a seconda della finalit\u00e0 perseguita possono essere classificati in:<\/p>\n<p>2.2.1 Cookie tecnici<br \/>\nSono i cookie che servono ad effettuare la navigazione o a fornire un servizio richiesto dall&#8217;utente e senza i quali, alcune operazioni non potrebbero essere compiute o sarebbero pi\u00f9 complesse e\/o meno sicure (ad esempio, i cookie che riconoscono in modo automatico la lingua che l\u2019utente utilizza, quelli che facilitano gli acquisti online, quelli che rendono meno complesse e pi\u00f9 sicure le procedure dell\u2019home banking ecc). I cookie tecnici non vengono utilizzati per scopi ulteriori e sono normalmente installati direttamente dal titolare del sito web (cookie di prima parte), che per questo non deve richiedere il preventivo consenso all\u2019utente ma deve fornire a quest\u2019ultimo specifica informativa.<\/p>\n<p>I cookie tecnici possono essere c.d. cookie di sessione in quanto cancellati automaticamente alla chiusura del browser, oppure c.d. persistenti in quanto rimangono archiviati nel browser dell\u2019utente fino ad una scadenza prestabilita (che pu\u00f2 essere di minuti, giorni o pi\u00f9 anni).<\/p>\n<p>I cookie tecnici possono essere ulteriormente classificati in:<\/p>\n<p>cookie di navigazione o di sessione, che garantiscono la normale navigazione e fruizione del sito web (permettendo, ad esempio, di realizzare un acquisto o autenticarsi per accedere ad aree riservate);<br \/>\ncookie analytics (assimilati ai cookie tecnici solo se \u201cdi prima parte\u201d e quindi se installati direttamente dal gestore del sito che si sta visitando) finalizzati a raccogliere informazioni, in forma aggregata, sul numero degli utenti e su come questi visitano il sito stesso;<br \/>\ncookie di funzionalit\u00e0, che permettono all&#8217;utente la navigazione in funzione di una serie di criteri selezionati (ad esempio, la lingua, i prodotti selezionati per l&#8217;acquisto) al fine di migliorare il servizio reso allo stesso.<br \/>\n2.3.2 Cookie analitici<br \/>\nSono una particolare tipologia di cookie che permette ai gestori dei siti di raccogliere informazioni in maniera aggregata per finalit\u00e0 statistiche.<\/p>\n<p>Quando i cookie analitici sono di prima parte possono essere assimilati ai cookie tecnici, perch\u00e9 sono installati direttamente dal gestore del sito che si sta visitando. In questo caso valgono le stesse regole dei cookie tecnici.<\/p>\n<p>Quando i cookie analitici sono realizzati e messi a disposizione da terze parti, invece, il gestore del sito non ha un controllo diretto su questi cookie e quindi \u00e8 la terza parte a doversi impegnare contrattualmente a non farne un uso diverso da quello previsto.<\/p>\n<p>2.3.3 Cookie di profilazione<br \/>\nI cookie di profilazione controllano la navigazione dell\u2019utente, tracciandola al fine di monitorare e profilare l\u2019utente, in quanto consentono di vedere quali pagine web vengono visitate, cosa viene acquistato, letto, ecc. In altri termini, si crea un vero e proprio profilo dell&#8217;utente al fine di inviargli messaggi pubblicitari in linea con le preferenze manifestate dallo stesso nell&#8217;ambito della navigazione in rete. I cookie profilanti di prima parte devono essere riportati sia nell\u2019informativa estesa sia nell\u2019informativa breve mediante banner e il gestore del sito deve darne comunicazione all\u2019Autorit\u00e0 Garante della Privacy mediante apposita notifica.<\/p>\n<p>I cookie profilanti di terza parte devono comunque essere resi noti mediante informativa estesa e breve ma la notifica all\u2019Autorit\u00e0 \u00e8 a carico del soggetto terzo che installa i cookie di profilazione.<\/p>\n<p>L&#8217;utente deve esprimere il proprio valido consenso all\u2019installazione dei cookie di profilazione.<\/p>\n<p>3. Cookie utilizzati in questo Sito<br \/>\nQuesto Sito si impegna a fornire all\u2019Utente la migliore esperienza di navigazione e, a tal fine, utilizza sia cookie propri di prima parte sia cookie di terzi standard, per garantire il corretto e agevole funzionamento del Sito e per raccogliere dati sul comportamento online degli Utenti.<\/p>\n<p>Le informazioni raccolte sono anonime e non identificano l\u2019Utente come persona, a meno che l\u2019Utente stesso non fornisca i suoi dati personali compilando il modulo per la prenotazione di appuntamenti presso il Poliambulatorio Aeffe s.r.l. o attraverso altra funzionalit\u00e0 del Sito (ad esempio, attraverso la funzione \u201cContatti\u201d).<\/p>\n<p>Qualora il Poliambulatorio Aeffe s.r.l. proceda alla raccolta e al trattamento dei dati personali, tale attivit\u00e0 \u00e8 regolamentata dalla Privacy Policy.<\/p>\n<p>I cookie utilizzati da questo Sito sono di seguito elencati e analiticamente descritti. Si precisa, tuttavia, che per i cookie di terze parti \u00e8 necessario consultare il link all\u2019informativa fornita dal relativo fornitore esterno, dove \u00e8 possibile trovare una dettagliata descrizione dei singoli cookie e del trattamento che ne viene fatto.<\/p>\n<p>4. Gestione dei cookie utilizzati in questo sito<br \/>\nIl Sito utilizza cookie tecnici necessari per il corretto funzionamento del Sito in quanto consentono di fornire i servizi richiesti dall\u2019Utenti e di navigare nel sito utilizzando le sue prestazioni migliori. Questo tipo di cookie non pu\u00f2 essere disabilitato in quanto \u00e8 necessario per il corretto funzionamento del sito.<\/p>\n<p>Il Sito utilizza anche cookie analitici per analizzare le modalit\u00e0 di utilizzo del Sito da parte dell\u2019Utente. L\u2019Utente pu\u00f2 rifiutare di usare i cookie analitici selezionando l&#8217;impostazione appropriata sul browser seguendo la procedura descritta nel successivo paragrafo 6. \u201cDisattivazione dei cookies tramite browser\u201d, ma ci\u00f2 potrebbe impedire all\u2019Utente di utilizzare tutte le funzionalit\u00e0 di questo Sito.<\/p>\n<p>L\u2019Utente che vuole modificare il consenso gi\u00e0 prestato ai cookie, dovr\u00e0 cancellarli attraverso il browser.<\/p>\n<p>Si tenga presente che non \u00e8 possibile in alcun modo controllare i cookie di terze parti, quindi se \u00e8 gi\u00e0 stato dato precedentemente il consenso, \u00e8 necessario procedere alla cancellazione dei cookie attraverso il browser.<\/p>\n<p>5. Disabilitare\/cancellare i cookies mediante configurazione del browser<br \/>\nQualora l\u2019Utente lo desideri, \u00e8 possibile disattivare i cookie tramite il browser. Tutti i browser moderni consentono di modificare le impostazioni sui cookie.<\/p>\n<p>Il Poliambulatorio Aeffe s.r.l. si impegna a pubblicare eventuali modifiche sostanziali alla presente Informativa mediante debita comunicazione su questo Sito oppure contattando direttamente l\u2019Utente, ove possibile, mediante altri canali.<\/p>\n","protected":false},"excerpt":{"rendered":"<p>Questo sito web utilizza cookie per migliorare e ottimizzare l\u2019esperienza di navigazione. La presente Cookie Policy si applica esclusivamente al sito web di Poliambulatorio Aeffe s.r.l. con indirizzo URL https:\/\/www.poliambulatorioaeffe.it (di seguito, \u201cSito\u201d) ed \u00e8 resa quale informativa ai sensi degli artt. 13 e 14 del Regolamento UE 2016\/679 (di seguito, \u201cGDPR\u201d), nonch\u00e9 del Provvedimento&hellip;&nbsp;<a href=\"https:\/\/www.poliambulatorioaeffe.it\/?page_id=452\" rel=\"bookmark\">Leggi tutto &raquo;<span class=\"screen-reader-text\">Cookie Policy<\/span><\/a><\/p>\n","protected":false},"author":1,"featured_media":0,"parent":0,"menu_order":0,"comment_status":"closed","ping_status":"closed","template":"","meta":{"neve_meta_sidebar":"","neve_meta_container":"","neve_meta_enable_content_width":"","neve_meta_content_width":0,"neve_meta_title_alignment":"","neve_meta_author_avatar":"","neve_post_elements_order":"","neve_meta_disable_header":"","neve_meta_disable_footer":"","neve_meta_disable_title":"","footnotes":""},"class_list":["post-452","page","type-page","status-publish","hentry"],"_links":{"self":[{"href":"https:\/\/www.poliambulatorioaeffe.it\/index.php?rest_route=\/wp\/v2\/pages\/452","targetHints":{"allow":["GET"]}}],"collection":[{"href":"https:\/\/www.poliambulatorioaeffe.it\/index.php?rest_route=\/wp\/v2\/pages"}],"about":[{"href":"https:\/\/www.poliambulatorioaeffe.it\/index.php?rest_route=\/wp\/v2\/types\/page"}],"author":[{"embeddable":true,"href":"https:\/\/www.poliambulatorioaeffe.it\/index.php?rest_route=\/wp\/v2\/users\/1"}],"replies":[{"embeddable":true,"href":"https:\/\/www.poliambulatorioaeffe.it\/index.php?rest_route=%2Fwp%2Fv2%2Fcomments&post=452"}],"version-history":[{"count":3,"href":"https:\/\/www.poliambulatorioaeffe.it\/index.php?rest_route=\/wp\/v2\/pages\/452\/revisions"}],"predecessor-version":[{"id":769,"href":"https:\/\/www.poliambulatorioaeffe.it\/index.php?rest_route=\/wp\/v2\/pages\/452\/revisions\/769"}],"wp:attachment":[{"href":"https:\/\/www.poliambulatorioaeffe.it\/index.php?rest_route=%2Fwp%2Fv2%2Fmedia&parent=452"}],"curies":[{"name":"wp","href":"https:\/\/api.w.org\/{rel}","templated":true}]}}